{"id":39,"date":"2025-06-02T03:15:27","date_gmt":"2025-06-02T03:15:27","guid":{"rendered":"https:\/\/www.vinylbond.com\/blog\/"},"modified":"2025-12-14T14:13:16","modified_gmt":"2025-12-14T14:13:16","slug":"trade-fair-and-event-news","status":"publish","type":"page","link":"https:\/\/www.vinylbond.com\/en\/trade-fair-and-event-news\/","title":{"rendered":"Trade Fair and Event News"},"content":{"rendered":"<div data-elementor-type=\"wp-page\" data-elementor-id=\"39\" class=\"elementor elementor-39\" data-elementor-post-type=\"page\">\n\t\t\t\t<div class=\"elementor-element elementor-element-3ca2f58 e-flex e-con-boxed e-con e-parent\" data-id=\"3ca2f58\" data-element_type=\"container\">\n\t\t\t\t\t<div class=\"e-con-inner\">\n\t\t<div class=\"elementor-element elementor-element-3c265cf e-con-full e-flex e-con e-child\" data-id=\"3c265cf\" data-element_type=\"container\">\n\t\t\t\t<div class=\"elementor-element elementor-element-c75ed20 elementor-grid-2 elementor-widget elementor-widget-antra-post-grid\" data-id=\"c75ed20\" data-element_type=\"widget\" data-settings=\"{&quot;column&quot;:&quot;2&quot;,&quot;column_spacing&quot;:{&quot;unit&quot;:&quot;px&quot;,&quot;size&quot;:30,&quot;sizes&quot;:[]},&quot;column_spacing_laptop&quot;:{&quot;unit&quot;:&quot;px&quot;,&quot;size&quot;:&quot;&quot;,&quot;sizes&quot;:[]},&quot;column_spacing_tablet_extra&quot;:{&quot;unit&quot;:&quot;px&quot;,&quot;size&quot;:&quot;&quot;,&quot;sizes&quot;:[]},&quot;column_spacing_tablet&quot;:{&quot;unit&quot;:&quot;px&quot;,&quot;size&quot;:&quot;&quot;,&quot;sizes&quot;:[]},&quot;column_spacing_mobile_extra&quot;:{&quot;unit&quot;:&quot;px&quot;,&quot;size&quot;:&quot;&quot;,&quot;sizes&quot;:[]},&quot;column_spacing_mobile&quot;:{&quot;unit&quot;:&quot;px&quot;,&quot;size&quot;:&quot;&quot;,&quot;sizes&quot;:[]}}\" data-widget_type=\"antra-post-grid.default\">\n\t\t\t\t<div class=\"elementor-widget-container\">\n\t\t\t\t\t        <div class=\"elementor-post-wrapper layout-post-style-1 antra-wrapper\">\n            <div class=\"antra-con\">\n                <div class=\"antra-con-inner elementor-grid\">\n                                            <div class=\"elementor-posts-item\">\n                            <div class=\"post-style-1\">\n    <div class=\"post-inner\">\n        <div class=\"post-thumbnail\">                <div class=\"categories-link\"> <span class=\"screen-reader-text\">Categories<\/span> <a href=\"https:\/\/www.vinylbond.com\/en\/category\/fairs-2\/\" rel=\"category tag\">Trade Fair and Event News<\/a> <\/div>              <img fetchpriority=\"high\" decoding=\"async\" width=\"839\" height=\"629\" src=\"https:\/\/www.vinylbond.com\/wp-content\/uploads\/2026\/04\/1-839x629.webp\" class=\"attachment-antra-post-grid size-antra-post-grid wp-post-image\" alt=\"\" srcset=\"https:\/\/www.vinylbond.com\/wp-content\/uploads\/2026\/04\/1-839x629.webp 839w, https:\/\/www.vinylbond.com\/wp-content\/uploads\/2026\/04\/1-300x225.webp 300w, https:\/\/www.vinylbond.com\/wp-content\/uploads\/2026\/04\/1-1024x768.webp 1024w, https:\/\/www.vinylbond.com\/wp-content\/uploads\/2026\/04\/1-768x576.webp 768w, https:\/\/www.vinylbond.com\/wp-content\/uploads\/2026\/04\/1-1536x1152.webp 1536w, https:\/\/www.vinylbond.com\/wp-content\/uploads\/2026\/04\/1-16x12.webp 16w, https:\/\/www.vinylbond.com\/wp-content\/uploads\/2026\/04\/1-1000x750.webp 1000w, https:\/\/www.vinylbond.com\/wp-content\/uploads\/2026\/04\/1.webp 1600w\" sizes=\"(max-width: 839px) 100vw, 839px\" \/><\/div>        <div class=\"post-content\">\n            <div class=\"entry-content\">\n                <div class=\"entry-meta-top\">\n                     <div class=\"post-author\"><span>By <a href=\"https:\/\/www.vinylbond.com\/en\/author\/vinylbond-admin\/\" class=\"url fn\" rel=\"author\">vinylbond-admin<\/a><\/span><\/div>                 <\/div>\n                <h3 class=\"entry-title\"><a href=\"https:\/\/www.vinylbond.com\/en\/fensterbau-frontale-almanya-fuari-2026\/\" rel=\"bookmark\">Fensterbau Frontale Germany Fair 2026<\/a><\/h3>                <div class=\"excerpt-content\"><\/div>\n            <\/div>\n        <\/div>\n    <\/div>\n<\/div>\n                        <\/div>\n                                                <div class=\"elementor-posts-item\">\n                            <div class=\"post-style-1\">\n    <div class=\"post-inner\">\n        <div class=\"post-thumbnail\">                <div class=\"categories-link\"> <span class=\"screen-reader-text\">Categories<\/span> <a href=\"https:\/\/www.vinylbond.com\/en\/category\/fairs-2\/\" rel=\"category tag\">Trade Fair and Event News<\/a> <\/div>              <img decoding=\"async\" width=\"860\" height=\"484\" src=\"https:\/\/www.vinylbond.com\/wp-content\/uploads\/2026\/02\/KAPAK-Buyuk-860x484.webp\" class=\"attachment-antra-post-grid size-antra-post-grid wp-post-image\" alt=\"\" srcset=\"https:\/\/www.vinylbond.com\/wp-content\/uploads\/2026\/02\/KAPAK-Buyuk-860x484.webp 860w, https:\/\/www.vinylbond.com\/wp-content\/uploads\/2026\/02\/KAPAK-Buyuk-300x169.webp 300w, https:\/\/www.vinylbond.com\/wp-content\/uploads\/2026\/02\/KAPAK-Buyuk-1024x576.webp 1024w, https:\/\/www.vinylbond.com\/wp-content\/uploads\/2026\/02\/KAPAK-Buyuk-768x432.webp 768w, https:\/\/www.vinylbond.com\/wp-content\/uploads\/2026\/02\/KAPAK-Buyuk-1536x864.webp 1536w, https:\/\/www.vinylbond.com\/wp-content\/uploads\/2026\/02\/KAPAK-Buyuk-18x10.webp 18w, https:\/\/www.vinylbond.com\/wp-content\/uploads\/2026\/02\/KAPAK-Buyuk-1000x563.webp 1000w, https:\/\/www.vinylbond.com\/wp-content\/uploads\/2026\/02\/KAPAK-Buyuk.webp 1920w\" sizes=\"(max-width: 860px) 100vw, 860px\" \/><\/div>        <div class=\"post-content\">\n            <div class=\"entry-content\">\n                <div class=\"entry-meta-top\">\n                     <div class=\"post-author\"><span>By <a href=\"https:\/\/www.vinylbond.com\/en\/author\/vinylbond-admin\/\" class=\"url fn\" rel=\"author\">vinylbond-admin<\/a><\/span><\/div>                 <\/div>\n                <h3 class=\"entry-title\"><a href=\"https:\/\/www.vinylbond.com\/en\/sencon-senegal-fuari-2026\/\" rel=\"bookmark\">Sencon Senegal Fair 2026<\/a><\/h3>                <div class=\"excerpt-content\"><\/div>\n            <\/div>\n        <\/div>\n    <\/div>\n<\/div>\n                        <\/div>\n                                                <div class=\"elementor-posts-item\">\n                            <div class=\"post-style-1\">\n    <div class=\"post-inner\">\n        <div class=\"post-thumbnail\">                <div class=\"categories-link\"> <span class=\"screen-reader-text\">Categories<\/span> <a href=\"https:\/\/www.vinylbond.com\/en\/category\/fairs-2\/\" rel=\"category tag\">Trade Fair and Event News<\/a> <\/div>              <img decoding=\"async\" width=\"860\" height=\"573\" src=\"https:\/\/www.vinylbond.com\/wp-content\/uploads\/2026\/01\/KAPAK-860x573.webp\" class=\"attachment-antra-post-grid size-antra-post-grid wp-post-image\" alt=\"\" srcset=\"https:\/\/www.vinylbond.com\/wp-content\/uploads\/2026\/01\/KAPAK-860x573.webp 860w, https:\/\/www.vinylbond.com\/wp-content\/uploads\/2026\/01\/KAPAK-300x200.webp 300w, https:\/\/www.vinylbond.com\/wp-content\/uploads\/2026\/01\/KAPAK-1024x683.webp 1024w, https:\/\/www.vinylbond.com\/wp-content\/uploads\/2026\/01\/KAPAK-768x512.webp 768w, https:\/\/www.vinylbond.com\/wp-content\/uploads\/2026\/01\/KAPAK-1536x1024.webp 1536w, https:\/\/www.vinylbond.com\/wp-content\/uploads\/2026\/01\/KAPAK-18x12.webp 18w, https:\/\/www.vinylbond.com\/wp-content\/uploads\/2026\/01\/KAPAK-1000x667.webp 1000w, https:\/\/www.vinylbond.com\/wp-content\/uploads\/2026\/01\/KAPAK.webp 1920w\" sizes=\"(max-width: 860px) 100vw, 860px\" \/><\/div>        <div class=\"post-content\">\n            <div class=\"entry-content\">\n                <div class=\"entry-meta-top\">\n                     <div class=\"post-author\"><span>By <a href=\"https:\/\/www.vinylbond.com\/en\/author\/vinylbond-admin\/\" class=\"url fn\" rel=\"author\">vinylbond-admin<\/a><\/span><\/div>                 <\/div>\n                <h3 class=\"entry-title\"><a href=\"https:\/\/www.vinylbond.com\/en\/big-5-construct-saudi-fair-2026\/\" rel=\"bookmark\">Big 5 Construct Saudi Fair 2026<\/a><\/h3>                <div class=\"excerpt-content\"><\/div>\n            <\/div>\n        <\/div>\n    <\/div>\n<\/div>\n                        <\/div>\n                                                <div class=\"elementor-posts-item\">\n                            <div class=\"post-style-1\">\n    <div class=\"post-inner\">\n        <div class=\"post-thumbnail\">                <div class=\"categories-link\"> <span class=\"screen-reader-text\">Categories<\/span> <a href=\"https:\/\/www.vinylbond.com\/en\/category\/fairs-2\/\" rel=\"category tag\">Trade Fair and Event News<\/a> <\/div>              <img loading=\"lazy\" decoding=\"async\" width=\"843\" height=\"629\" src=\"https:\/\/www.vinylbond.com\/wp-content\/uploads\/2025\/06\/ADO-Kapex-2025-2-890x664-1-843x629.webp\" class=\"attachment-antra-post-grid size-antra-post-grid wp-post-image\" alt=\"\" srcset=\"https:\/\/www.vinylbond.com\/wp-content\/uploads\/2025\/06\/ADO-Kapex-2025-2-890x664-1-843x629.webp 843w, https:\/\/www.vinylbond.com\/wp-content\/uploads\/2025\/06\/ADO-Kapex-2025-2-890x664-1-300x224.webp 300w, https:\/\/www.vinylbond.com\/wp-content\/uploads\/2025\/06\/ADO-Kapex-2025-2-890x664-1-768x573.webp 768w, https:\/\/www.vinylbond.com\/wp-content\/uploads\/2025\/06\/ADO-Kapex-2025-2-890x664-1-16x12.webp 16w, https:\/\/www.vinylbond.com\/wp-content\/uploads\/2025\/06\/ADO-Kapex-2025-2-890x664-1.webp 890w\" sizes=\"(max-width: 843px) 100vw, 843px\" \/><\/div>        <div class=\"post-content\">\n            <div class=\"entry-content\">\n                <div class=\"entry-meta-top\">\n                     <div class=\"post-author\"><span>By <a href=\"https:\/\/www.vinylbond.com\/en\/author\/vinylbond-admin\/\" class=\"url fn\" rel=\"author\">vinylbond-admin<\/a><\/span><\/div>                 <\/div>\n                <h3 class=\"entry-title\"><a href=\"https:\/\/www.vinylbond.com\/en\/kapex-fuari-2025\/\" rel=\"bookmark\">Kapex Fair 2025<\/a><\/h3>                <div class=\"excerpt-content\"><\/div>\n            <\/div>\n        <\/div>\n    <\/div>\n<\/div>\n                        <\/div>\n                                                <div class=\"elementor-posts-item\">\n                            <div class=\"post-style-1\">\n    <div class=\"post-inner\">\n        <div class=\"post-thumbnail\">                <div class=\"categories-link\"> <span class=\"screen-reader-text\">Categories<\/span> <a href=\"https:\/\/www.vinylbond.com\/en\/category\/fairs-2\/\" rel=\"category tag\">Trade Fair and Event News<\/a> <\/div>              <img loading=\"lazy\" decoding=\"async\" width=\"860\" height=\"574\" src=\"https:\/\/www.vinylbond.com\/wp-content\/uploads\/2025\/06\/image003-Buyuk-860x574.webp\" class=\"attachment-antra-post-grid size-antra-post-grid wp-post-image\" alt=\"\" srcset=\"https:\/\/www.vinylbond.com\/wp-content\/uploads\/2025\/06\/image003-Buyuk-860x574.webp 860w, https:\/\/www.vinylbond.com\/wp-content\/uploads\/2025\/06\/image003-Buyuk-300x200.webp 300w, https:\/\/www.vinylbond.com\/wp-content\/uploads\/2025\/06\/image003-Buyuk-1024x684.webp 1024w, https:\/\/www.vinylbond.com\/wp-content\/uploads\/2025\/06\/image003-Buyuk-768x513.webp 768w, https:\/\/www.vinylbond.com\/wp-content\/uploads\/2025\/06\/image003-Buyuk-1536x1026.webp 1536w, https:\/\/www.vinylbond.com\/wp-content\/uploads\/2025\/06\/image003-Buyuk-18x12.webp 18w, https:\/\/www.vinylbond.com\/wp-content\/uploads\/2025\/06\/image003-Buyuk-1000x668.webp 1000w, https:\/\/www.vinylbond.com\/wp-content\/uploads\/2025\/06\/image003-Buyuk.webp 1617w\" sizes=\"(max-width: 860px) 100vw, 860px\" \/><\/div>        <div class=\"post-content\">\n            <div class=\"entry-content\">\n                <div class=\"entry-meta-top\">\n                     <div class=\"post-author\"><span>By <a href=\"https:\/\/www.vinylbond.com\/en\/author\/vinylbond-admin\/\" class=\"url fn\" rel=\"author\">vinylbond-admin<\/a><\/span><\/div>                 <\/div>\n                <h3 class=\"entry-title\"><a href=\"https:\/\/www.vinylbond.com\/en\/ado-group-ankara-showroom-opened-2\/\" rel=\"bookmark\">ADO Group Ankara Showroom Opens<\/a><\/h3>                <div class=\"excerpt-content\"><\/div>\n            <\/div>\n        <\/div>\n    <\/div>\n<\/div>\n                        <\/div>\n                                                <div class=\"elementor-posts-item\">\n                            <div class=\"post-style-1\">\n    <div class=\"post-inner\">\n        <div class=\"post-thumbnail\">                <div class=\"categories-link\"> <span class=\"screen-reader-text\">Categories<\/span> <a href=\"https:\/\/www.vinylbond.com\/en\/category\/fairs-2\/\" rel=\"category tag\">Trade Fair and Event News<\/a> <\/div>              <img loading=\"lazy\" decoding=\"async\" width=\"843\" height=\"629\" src=\"https:\/\/www.vinylbond.com\/wp-content\/uploads\/2025\/06\/1-2-890x664-1-843x629.jpg\" class=\"attachment-antra-post-grid size-antra-post-grid wp-post-image\" alt=\"\" srcset=\"https:\/\/www.vinylbond.com\/wp-content\/uploads\/2025\/06\/1-2-890x664-1-843x629.jpg 843w, https:\/\/www.vinylbond.com\/wp-content\/uploads\/2025\/06\/1-2-890x664-1-300x224.jpg 300w, https:\/\/www.vinylbond.com\/wp-content\/uploads\/2025\/06\/1-2-890x664-1-768x573.jpg 768w, https:\/\/www.vinylbond.com\/wp-content\/uploads\/2025\/06\/1-2-890x664-1-16x12.jpg 16w, https:\/\/www.vinylbond.com\/wp-content\/uploads\/2025\/06\/1-2-890x664-1.jpg 890w\" sizes=\"(max-width: 843px) 100vw, 843px\" \/><\/div>        <div class=\"post-content\">\n            <div class=\"entry-content\">\n                <div class=\"entry-meta-top\">\n                     <div class=\"post-author\"><span>By <a href=\"https:\/\/www.vinylbond.com\/en\/author\/vinylbond-admin\/\" class=\"url fn\" rel=\"author\">vinylbond-admin<\/a><\/span><\/div>                 <\/div>\n                <h3 class=\"entry-title\"><a href=\"https:\/\/www.vinylbond.com\/en\/mustafa-sak-achievement-awards-2025\/\" rel=\"bookmark\">Mustafa Sak Achievement Awards 2025<\/a><\/h3>                <div class=\"excerpt-content\"><\/div>\n            <\/div>\n        <\/div>\n    <\/div>\n<\/div>\n                        <\/div>\n                                        <\/div>\n            <\/div>\n                                <\/div>\n        \t\t\t\t<\/div>\n\t\t\t\t<\/div>\n\t\t\t\t<\/div>\n\t\t<div class=\"elementor-element elementor-element-7c047b9 e-con-full e-flex e-con e-child\" data-id=\"7c047b9\" data-element_type=\"container\" data-settings=\"{&quot;sticky&quot;:&quot;top&quot;,&quot;sticky_on&quot;:[&quot;desktop&quot;,&quot;laptop&quot;,&quot;tablet_extra&quot;],&quot;sticky_parent&quot;:&quot;yes&quot;,&quot;sticky_offset&quot;:0,&quot;sticky_effects_offset&quot;:0,&quot;sticky_anchor_link_offset&quot;:0}\">\n\t\t\t\t<div class=\"elementor-element elementor-element-efc2ace elementor-widget elementor-widget-text-editor\" data-id=\"efc2ace\" data-element_type=\"widget\" data-widget_type=\"text-editor.default\">\n\t\t\t\t\t\t\t\t\t<p>Contact Us<\/p>\t\t\t\t\t\t\t\t<\/div>\n\t\t\t\t<div class=\"elementor-element elementor-element-8048136 elementor-widget elementor-widget-antra-contactform\" data-id=\"8048136\" data-element_type=\"widget\" data-widget_type=\"antra-contactform.default\">\n\t\t\t\t<div class=\"elementor-widget-container\">\n\t\t\t\t\t\n<div class=\"wpcf7 no-js\" id=\"wpcf7-f10624-o1\" lang=\"en-US\" dir=\"ltr\" data-wpcf7-id=\"10624\">\n<div class=\"screen-reader-response\"><p role=\"status\" aria-live=\"polite\" aria-atomic=\"true\"><\/p> <ul><\/ul><\/div>\n<form action=\"\/en\/wp-json\/wp\/v2\/pages\/39#wpcf7-f10624-o1\" method=\"post\" class=\"wpcf7-form init\" aria-label=\"Contact form\" novalidate=\"novalidate\" data-status=\"init\" data-trp-original-action=\"\/en\/wp-json\/wp\/v2\/pages\/39#wpcf7-f10624-o1\">\n<fieldset class=\"hidden-fields-container\"><input type=\"hidden\" name=\"_wpcf7\" value=\"10624\" \/><input type=\"hidden\" name=\"_wpcf7_version\" value=\"6.1.3\" \/><input type=\"hidden\" name=\"_wpcf7_locale\" value=\"en_US\" \/><input type=\"hidden\" name=\"_wpcf7_unit_tag\" value=\"wpcf7-f10624-o1\" \/><input type=\"hidden\" name=\"_wpcf7_container_post\" value=\"0\" \/><input type=\"hidden\" name=\"_wpcf7_posted_data_hash\" value=\"\" \/>\n<\/fieldset>\n<div class=\"form-style-3\">\n\t<div class=\"columns_wrap\">\n\t\t<div class=\"column-1_2\">\n\t\t\t<p><span class=\"style-line icon-name\"><span class=\"wpcf7-form-control-wrap\" data-name=\"your-name\"><input size=\"40\" maxlength=\"400\" class=\"wpcf7-form-control wpcf7-text wpcf7-validates-as-required\" aria-required=\"true\" aria-invalid=\"false\" placeholder=\"Name Surname\" value=\"\" type=\"text\" name=\"your-name\" \/><\/span><\/span>\n\t\t\t<\/p>\n\t\t<\/div>\n\t\t<div class=\"column-1_2\">\n\t\t\t<p><span class=\"style-line icon-email\"><span class=\"wpcf7-form-control-wrap\" data-name=\"your-email\"><input size=\"40\" maxlength=\"400\" class=\"wpcf7-form-control wpcf7-email wpcf7-validates-as-required wpcf7-text wpcf7-validates-as-email\" aria-required=\"true\" aria-invalid=\"false\" placeholder=\"Email Address\" value=\"\" type=\"email\" name=\"your-email\" \/><\/span><\/span>\n\t\t\t<\/p>\n\t\t<\/div>\n\t<\/div>\n\t<div class=\"columns_wrap\">\n\t\t<div class=\"column-1_2\">\n\t\t\t<p><span class=\"style-line icon-phone\"><span class=\"wpcf7-form-control-wrap\" data-name=\"phone\"><input size=\"40\" maxlength=\"11\" minlength=\"11\" class=\"wpcf7-form-control wpcf7-tel wpcf7-validates-as-required wpcf7-text wpcf7-validates-as-tel\" aria-required=\"true\" aria-invalid=\"false\" placeholder=\"Phone Number\" value=\"\" type=\"tel\" name=\"phone\" \/><\/span><\/span>\n\t\t\t<\/p>\n\t\t<\/div>\n\t\t<div class=\"column-1_2\">\n\t\t\t<p><span class=\"style-line icon-subject\"><span class=\"wpcf7-form-control-wrap\" data-name=\"subject\"><input size=\"40\" maxlength=\"400\" class=\"wpcf7-form-control wpcf7-text wpcf7-validates-as-required\" aria-required=\"true\" aria-invalid=\"false\" placeholder=\"Subject\" value=\"\" type=\"text\" name=\"subject\" \/><\/span><\/span>\n\t\t\t<\/p>\n\t\t<\/div>\n\t<\/div>\n\t<div class=\"columns_wrap\">\n\t\t<div class=\"column-1_2\">\n\t\t\t<p><span class=\"style-line icon-location\"><span class=\"wpcf7-form-control-wrap\" data-name=\"city\"><select class=\"wpcf7-form-control wpcf7-select wpcf7-validates-as-required\" aria-required=\"true\" aria-invalid=\"false\" name=\"city\"><option value=\"\">&#8212;Please choose an option&#8212;<\/option><option value=\"\u0130l Se\u00e7iniz\">Select a Province<\/option><\/select><\/span><\/span>\n\t\t\t<\/p>\n\t\t<\/div>\n\t\t<div class=\"column-1_2\">\n\t\t\t<p><span class=\"style-line icon-location\"><span class=\"wpcf7-form-control-wrap\" data-name=\"district\"><select class=\"wpcf7-form-control wpcf7-select wpcf7-validates-as-required\" aria-required=\"true\" aria-invalid=\"false\" name=\"district\"><option value=\"\">&#8212;Please choose an option&#8212;<\/option><option value=\"\u0130l\u00e7e Se\u00e7iniz\">Select District<\/option><\/select><\/span><\/span>\n\t\t\t<\/p>\n\t\t<\/div>\n\t<\/div>\n\t<div class=\"columns_wrap margin-bottom\">\n\t\t<div class=\"column-1_1\">\n\t\t\t<p><span class=\"style-line icon-textarea\"><span class=\"wpcf7-form-control-wrap\" data-name=\"your-message\"><textarea cols=\"40\" rows=\"10\" maxlength=\"2000\" class=\"wpcf7-form-control wpcf7-textarea wpcf7-validates-as-required\" aria-required=\"true\" aria-invalid=\"false\" placeholder=\"Your message...\" name=\"your-message\"><\/textarea><\/span><\/span>\n\t\t\t<\/p>\n\t\t<\/div>\n\t<\/div>\n\t<p><span class=\"wpcf7-form-control-wrap\" data-name=\"acceptance\"><span class=\"wpcf7-form-control wpcf7-acceptance\"><span class=\"wpcf7-list-item\"><label><input type=\"checkbox\" name=\"acceptance\" value=\"1\" aria-invalid=\"false\" \/><span class=\"wpcf7-list-item-label\"><a href=\"\/en\/lppd\/\">GDPR Policy<\/a> I agree that my data will be processed within this scope.<\/span><\/label><\/span><\/span><\/span><br \/>\n<input class=\"wpcf7-form-control wpcf7-submit has-spinner\" type=\"submit\" value=\"Send\" \/>\n\t<\/p>\n<\/div><div class=\"wpcf7-response-output\" aria-hidden=\"true\"><\/div>\n<input type=\"hidden\" name=\"trp-form-language\" value=\"en\"\/><\/form>\n<\/div>\n\t\t\t\t<\/div>\n\t\t\t\t<\/div>\n\t\t\t\t<\/div>\n\t\t\t\t\t<\/div>\n\t\t\t\t<\/div>\n\t\t\t\t<\/div>","protected":false},"excerpt":{"rendered":"<p>Categories Fuar ve Etkinlik Haberleri By vinylbond-admin Kapex Fuar\u0131 2025 Categories Fuar ve Etkinlik Haberleri By vinylbond-admin ADO Grup Ankara Showroom A\u00e7\u0131ld\u0131 Categories Fuar ve Etkinlik Haberleri By vinylbond-admin Mustafa Sak Ba\u015far\u0131 \u00d6d\u00fclleri 2025 Categories Fuar ve Etkinlik Haberleri By vinylbond-admin Brezilya Construsul Fuar\u0131 2025 Categories Fuar ve Etkinlik Haberleri By vinylbond-admin Big5 Riyad Fuar\u0131 [&hellip;]<\/p>","protected":false},"author":1,"featured_media":0,"parent":0,"menu_order":0,"comment_status":"closed","ping_status":"closed","template":"","meta":{"footnotes":""},"class_list":["post-39","page","type-page","status-publish","hentry"],"_links":{"self":[{"href":"https:\/\/www.vinylbond.com\/en\/wp-json\/wp\/v2\/pages\/39","targetHints":{"allow":["GET"]}}],"collection":[{"href":"https:\/\/www.vinylbond.com\/en\/wp-json\/wp\/v2\/pages"}],"about":[{"href":"https:\/\/www.vinylbond.com\/en\/wp-json\/wp\/v2\/types\/page"}],"author":[{"embeddable":true,"href":"https:\/\/www.vinylbond.com\/en\/wp-json\/wp\/v2\/users\/1"}],"replies":[{"embeddable":true,"href":"https:\/\/www.vinylbond.com\/en\/wp-json\/wp\/v2\/comments?post=39"}],"version-history":[{"count":8,"href":"https:\/\/www.vinylbond.com\/en\/wp-json\/wp\/v2\/pages\/39\/revisions"}],"predecessor-version":[{"id":29155,"href":"https:\/\/www.vinylbond.com\/en\/wp-json\/wp\/v2\/pages\/39\/revisions\/29155"}],"wp:attachment":[{"href":"https:\/\/www.vinylbond.com\/en\/wp-json\/wp\/v2\/media?parent=39"}],"curies":[{"name":"wp","href":"https:\/\/api.w.org\/{rel}","templated":true}]}}